{"id":2942,"date":"2025-02-21T16:08:20","date_gmt":"2025-02-21T16:08:20","guid":{"rendered":"https:\/\/oberholz.com\/?page_id=2942"},"modified":"2025-05-22T15:36:19","modified_gmt":"2025-05-22T15:36:19","slug":"privacy-policy","status":"publish","type":"page","link":"https:\/\/oberholz.com\/it\/privacy-policy\/","title":{"rendered":"Privacy policy"},"content":{"rendered":"\t\t<div data-elementor-type=\"wp-page\" data-elementor-id=\"2942\" class=\"elementor elementor-2942 elementor-460\" data-elementor-post-type=\"page\">\n\t\t\t\t<div class=\"elementor-element elementor-element-9d480dd e-con-full e-flex e-con e-parent\" data-id=\"9d480dd\" data-element_type=\"container\" data-settings=\"{&quot;background_background&quot;:&quot;classic&quot;}\">\n\t\t<div class=\"elementor-element elementor-element-2b5da35 e-con-full mask e-flex e-con e-child\" data-id=\"2b5da35\" data-element_type=\"container\">\n\t\t\t\t<\/div>\n\t\t\t\t<\/div>\n\t\t<div class=\"elementor-element elementor-element-cd3b4c7 e-flex e-con-boxed e-con e-parent\" data-id=\"cd3b4c7\" data-element_type=\"container\" data-settings=\"{&quot;background_background&quot;:&quot;classic&quot;}\">\n\t\t\t\t\t<div class=\"e-con-inner\">\n\t\t\t\t<div class=\"elementor-element elementor-element-d4bece4 elementor-widget elementor-widget-text-editor\" data-id=\"d4bece4\" data-element_type=\"widget\" data-widget_type=\"text-editor.default\">\n\t\t\t\t<div class=\"elementor-widget-container\">\n\t\t\t\t\t\t\t\t\t<h4>PRIVACY POLICY DEL SITO WWW.OBERHOLZ.COM<\/h4><p class=\"p2\">Obereggen Latemar SpA\/AG illustra, nella presente pagina, come tratta i dati degli utenti che visitano il suo sito e come agiscono i cookie che vengono installati dal sito stesso.<\/p><p class=\"p2\">La presente Privacy Policy \u00e8 resa nel rispetto dell\u2019articolo 13 del GDPR 2016\/679 (General Data Protection Regulation, Regolamento europeo in materia di protezione dei dati personali), della Raccomandazione n. 2\/2001 del Gruppo di lavoro ex art. 29 e del Provvedimento generale del Garante Privacy in materia di cookie dell\u20198 maggio 2014, n. 229.<\/p><p class=\"p2\">Quanto segue si applica unicamente al sito\u00a0<a href=\"http:\/\/www.oberholz.com\/\"><span class=\"s1\">www.oberholz.com<\/span><\/a>; il Titolare del trattamento non \u00e8 responsabile dei dati inseriti e dei cookie installati da parte di altri siti eventualmente consultati tramite link.<\/p><h3>Informazioni sul Titolare del trattamento.<\/h3><p>Il Titolare del Trattamento \u00e8 Obereggen Latemar SpA\/AG, con sede legale in Obereggen 16, 39050 Nova Ponente (BZ). Per esercitare i diritti previsti dalla normativa e meglio specificati sopra \u00e8 possibile contattare il Titolare presso la sua sede oppure telefonando al numero 0471 618 200 o scrivendo a\u00a0<a href=\"mailto:obereggen@latemar.it\">obereggen@latemar.it<\/a>.<\/p><p><b>Finalit\u00e0 e base giuridica del trattamento<span class=\"Apple-converted-space\">\u00a0<\/span><\/b><\/p><p>Obereggen Latemar SpA\/AG tratta i dati che l\u2019utente fornisce attraverso il sito per le seguenti finalit\u00e0:<\/p><ol><li><strong>Adempimento di obblighi previsti dalla legge, da un regolamento o da una normativa comunitaria<\/strong><\/li><\/ol><p>Il conferimento dei dati per questa finalit\u00e0 \u00e8 obbligatorio e la base giuridica del trattamento \u00e8 l\u2019adempimento di un obbligo legale al quale \u00e8 soggetto il titolare del trattamento, come stabilito dall\u2019articolo 6 comma 1 lett. c) del GDPR. Per il trattamento di dati personali per tali finalit\u00e0 non \u00e8 necessario il consenso dell\u2019utente.<\/p><p>I dati trattati verranno conservati per il tempo previsto dalla normativa di riferimento.<\/p><ol><li><strong>Analisi statistiche su dati aggregati o anonimi<\/strong><\/li><\/ol><p>Tale trattamento non permette l\u2019identificazione dell\u2019utente, ma semplicemente vuole verificare l\u2019adeguatezza delle campagne di web marketing adottate e\/o il corretto funzionamento del sito, misurando il traffico di utenti che genera. Il trattamento di dati aggregati o anonimi, che non permettono l\u2019identificazione dell\u2019utente, non rientra nel campo di applicazione della normativa in materia di protezione dei dati personali e pertanto non \u00e8 richiesto alcun consenso per il loro trattamento.<\/p><ol><li><strong>Invio di newsletter<\/strong><\/li><\/ol><p>Il conferimento dei dati richiesti per iscriverla alla nostra newsletter e\/o poterle inviare comunicazioni e materiale promozionale \u00e8 del tutto facoltativo e la base giuridica di questo trattamento \u00e8 il consenso espresso dall\u2019interessato al trattamento dei propri dati personali.<\/p><p>I dati trattati per le finalit\u00e0 promozionali e di marketing verranno da noi conservati fino alla sua revoca, salvo rinnovo del consenso al trattamento prestato.<\/p><p><b> d. Profilazione (creazione di profili basati sulle preferenze, abitudini e scelte di consumo dell\u2019utente)<\/b><\/p><p>L\u2019attivit\u00e0 in questione pu\u00f2 essere effettuata attraverso la compilazione di questionari dedicati oppure attraverso l\u2019utilizzo di tecnologie di profilazione online (trackers) o cookies. Il conferimento dei dati richiesti per le attivit\u00e0 di profilazione \u00e8 facoltativo e la base giuridica del trattamento \u00e8 il consenso espresso dall\u2019interessato al trattamento dei propri dati personali.<\/p><h3>Modalit\u00e0 di trattamento, processi decisionali automatizzati e tempi di conservazione dei dati.<\/h3><p>Il trattamento dei Suoi dati si svolge in modalit\u00e0 informatiche, seppur non si escludono potenziali trattamenti in modalit\u00e0 cartacea. Non vengono utilizzati processi decisionali automatizzati per trattare i Suoi dati personali.<\/p><p>I dati raccolti attraverso i cookie verranno conservati per il periodo di tempo stabilito dal singolo cookie.<\/p><p><strong>Comunicazione dei dati (Destinatari). <\/strong><\/p><p class=\"p2\">Per garantire il funzionamento del nostro sito web e la fruizione dei contenuti potremo avvalerci di fornitori terzi come fornitori di servizi informatici, societ\u00e0 di hosting, societ\u00e0 di comunicazione. Per garantirLe inoltre il servizio richiesto, ad esempio nel caso di acquisto di prodotti e similari, potremmo avvalerci anche di ulteriori fornitori terzi (corrieri postali etc.). La base giuridica della comunicazione \u00e8 l\u2019adempimento di obblighi contrattuali e normativi, nonch\u00e9 l\u2019esecuzione di misure precontrattuali adottate su Sua richiesta. Resta inteso che comunicheremo ai Destinatari unicamente i dati necessari per poter adempiere alla prestazione, preferendo ove possibile l\u2019anonimizzazione dei dati. I dati da Lei forniti non verranno diffusi senza il Suo specifico e preventivo consenso.<\/p><p class=\"p2\">Per quanto riguarda l\u2019utilizzo di cookie terze parti si rimanda alla sezione specifica che si trova alla fine del presente documento.<\/p><p><strong>Trasferimento dei dati a Paesi terzi o organizzazioni internazionali. <\/strong><\/p><p>I dati da Lei comunicati non saranno da noi trasferiti verso Paesi terzi o organizzazioni internazionali extra UE. L\u2019hosting del sito \u00e8 all\u2019interno della Comunit\u00e0 Europea.<\/p><p><strong>Diritti dell\u2019interessato e reclamo al Garante Privacy. <\/strong><\/p><p>Lei ha diritto di richiederci in qualsiasi momento l\u2019accesso ai dati che La riguardano, la loro modifica, integrazione o cancellazione, la limitazione o l\u2019opposizione al loro trattamento, laddove vi siano motivi legittimi, nonch\u00e9 la portabilit\u00e0 dei suddetti dati presso un altro Titolare del trattamento. Le forniremo risposta in forma scritta entro 30 giorni. Potr\u00e0 revocare, in qualsiasi momento, i consensi prestati sul presente sito, contattando uno dei recapiti riportati all\u2019interno della presente Privacy Policy Le \u00e8 possibile inoltre proporre reclamo all\u2019Autorit\u00e0 di controllo nazionale, laddove reputi che i Suoi dati siano stati trattati illegittimamente.<\/p><h3>I COOKIE DEL NOSTRO SITO<\/h3><p><b>Dati di navigazione<\/b><\/p><p class=\"p2\">Questo sito web acquisisce in modo implicito, utilizzando i protocolli di comunicazione di internet, per e nel corso del suo normale funzionamento, alcuni dati personali degli utenti che accedono al sito stesso, come l\u2019indirizzo IP, i nomi di dominio dei computer da cui l\u2019utente accede, gli indirizzi MAC, assegnati dai produttori delle schede di rete, wireless etc.<\/p><p class=\"p2\">Queste informazioni non vengono raccolte per identificare gli utenti, ma potrebbero esserlo attraverso associazioni ed elaborazioni anche incrociate con dati di terzi; da tali dati si ricavano informazioni statistiche sull\u2019utilizzo del sito e sul suo funzionamento e ulteriori informazioni in caso di accertamento di responsabilit\u00e0 relativamente a reati informatici.<\/p><p><strong>Cosa sono i cookie?<\/strong><\/p><p>I cookie sono delle piccole stringhe di testo che i siti visitati dall\u2019utente installano sul suo terminale; tali stringhe vengono successivamente ritrasmesse al sito che le ha installate in caso di successiva visita da parte dell\u2019utente. Laddove l\u2019utente riceva, durante la navigazione sul sito, anche cookie inviati da siti o webserver diversi, si parla di cookie di terze parti.<\/p><p>I cookie vengono installati per diverse finalit\u00e0, tra cui possono rientrare la possibilit\u00e0 di effettuare le autenticazioni informatiche, il monitoraggio delle sessioni di navigazione, scegliere la lingua.<\/p><p><strong>Cookie prima parte e cookie di terze parti<\/strong><\/p><p>I cookie che sono installati direttamente da Obereggen Latemar SpA\/AG sono detti \u201cCookie prima parte\u201d, mentre i cookie che sono installati e acquisiti da un sito diverso rispetto a quello su cui sta navigando l\u2019utente sono definiti \u201cCookie di terze parti\u201d.<\/p><p>Tra i cookie di terze parti rientrano i social buttons (o social plugin), che permettono al sito di interagire con i pi\u00f9 famosi social media, come Facebook, Instagram, LinkedIn, Twitter etc oppure i cookie di Google Analytics, quelli necessari per implementare gli iframe di Youtube etc. Per quanto concerne i cookie di terze parti, \u00e8 responsabilit\u00e0 delle terze parti cui il cookie fa capo fornire le informative e le informazioni circa la gestione dei dati raccolti.<\/p><p><strong>Tipologie di cookie<\/strong><\/p><p class=\"p2\"><span class=\"s2\"><i>Cookie tecnici<\/i><\/span><\/p><p>Sono normalmente installati direttamente dal gestore del sito e sono cookie che permettono la comunicazione tra sito ed utente. Possono essere di navigazione o di sessione, atti a garantire la normale navigazione e fruizione del sito e solitamente hanno durata pari a quella della navigazione sul sito, oppure cookie di funzionalit\u00e0, che permettono una migliore fruizione del sito, come quelli relativi alla scelta della lingua del sito, all\u2019immissione nel carrello degli acquisti scelti etc.<\/p><p>Essendo tali cookie necessari per il funzionamento del sito non \u00e8 necessario, per la loro installazione sul terminale dell\u2019utente, il suo preventivo consenso.<\/p><p class=\"p4\"><span class=\"s2\"><i>Cookie analitici<\/i><\/span><\/p><p class=\"p2\">Sono cookie che permettono di raccogliere informazioni sugli utenti, ad esempio sul numero di utenti che visitano il sito e sulle modalit\u00e0 di visita del sito, in forma pi\u00f9 o meno aggregata. Uno degli strumenti pi\u00f9 famosi per ottenere tali report statistici \u00e8 Google Analytics, servizio fornito da Google Inc.<\/p><p class=\"p2\">I cookie analitici sono assimilabili ai cookie tecnici laddove le informazioni raccolte siano in forma aggregata e non sia possibile identificare le abitudini del singolo utente; per quanto concerne nello specifico i cookie di Google Analytics sar\u00e0 necessario anonimizzare, almeno parzialmente, l\u2019indirizzo IP dell\u2019utente che visita il sito ed eliminare le condivisioni dei dati con Google. Laddove tale anonimizzazione e mancanza di condivisione non fosse possibile tali cookie rientreranno in quelli di profilazione.<\/p><p class=\"p2\"><span class=\"s2\"><i>Cookie di profilazione<\/i><\/span><\/p><p>Sono utilizzati per tracciare una preferenza dell\u2019utente e offrirgli dei messaggi pubblicitari sulla base delle preferenze ricavate. Tali cookie sono particolarmente invasivi ed \u00e8 necessario, prima di installarli sul terminale dell\u2019utente, ottenere il suo consenso.<\/p><p><b>Il banner al primo accesso<\/b><\/p><p class=\"p2\">Il provvedimento del Garante dell\u20198 maggio 2014 e le stesse Linee guida sull\u2019utilizzo di cookie e di altri strumenti di tracciamento richiedono, in caso di utilizzo di cookie diversi dai cookie tecnici, la predisposizione di un banner al primo accesso dell\u2019utente sul sito (cd. informativa breve) che indichi in modo essenziale quali sono le modalit\u00e0 di gestione dei cookie da parte del sito, rimandi alla privacy policy estesa e preveda di esprimere il consenso all\u2019installazione dei cookie, anche mediante selezione granulare di essi.<\/p><p class=\"p2\">Obereggen Latemar SpA\/AG ha predisposto il suddetto banner. \u00c8 inoltre stato previsto un cookie specifico che memorizza la scelta dell\u2019utente in materia d\u2019installazione dei cookie per 365 giorni; ci\u00f2 significa che l\u2019utente, una volta fornito il proprio consenso, visualizzer\u00e0 il banner una sola volta e se volesse successivamente modificare le scelte effettuate potr\u00e0 farlo dal link \u201cGestione dei miei cookies\u201d.<\/p><p class=\"p2\"><b>Permessi Facebook richiesti dal sito ed utilizzo di<span class=\"Apple-converted-space\">\u00a0\u00a0<\/span>Facebook Pixel.<\/b><\/p><p>Il nostro sito pu\u00f2 richiedere di connettersi con l\u2019account Facebook dell\u2019utente per eseguire alcune azioni e raccogliere informazioni direttamente da Facebook.<\/p><p>Per maggiori informazioni sul funzionamento di tale funzionalit\u00e0, si rimanda a: <a href=\"https:\/\/developers.facebook.com\/docs\/facebook-login\/permissions\" target=\"_blank\" rel=\"noopener\">https:\/\/developers.facebook.com\/docs\/facebook-login\/permissions<\/a> a a <a href=\"https:\/\/www.facebook.com\/about\/privacy\/\" target=\"_blank\" rel=\"noopener\">https:\/\/www.facebook.com\/about\/privacy\/<\/a><\/p><p class=\"p2\"><b>Procedura per la disabilitazione dei cookie<\/b><\/p><p>Google Chrome: <a href=\"https:\/\/support.google.com\/chrome\/answer\/95647?hl=it\" target=\"_blank\" rel=\"noopener\">https:\/\/support.google.com\/chrome\/answer\/95647?hl=it<\/a><\/p><p>Internet Explorer: <a href=\"https:\/\/support.microsoft.com\/it-it\/help\/17442\/windows-internet-explorer-delete-manage-cookies\" target=\"_blank\" rel=\"noopener\">https:\/\/support.microsoft.com\/it-it\/help\/17442\/windows-internet-explorer-delete-manage-cookies<\/a><\/p><p>Mozilla Firefox: <a href=\"https:\/\/support.mozilla.org\/it\/kb\/Attivare%2520e%2520disattivare%2520i%2520cookie\" target=\"_blank\" rel=\"noopener\">https:\/\/support.mozilla.org\/it\/kb\/Attivare%20e%20disattivare%20i%20cookie<\/a><\/p><p>Safari: <a href=\"https:\/\/support.apple.com\/it-it\/HT201265\" target=\"_blank\" rel=\"noopener\">https:\/\/support.apple.com\/it-it\/HT201265<\/a><\/p><p><b>Link alle privacy policy delle terze parti che installano cookie<\/b><\/p><p>Facebook: <a href=\"https:\/\/www.facebook.com\/policies\/cookies\/\" target=\"_blank\" rel=\"noopener\">https:\/\/www.facebook.com\/policies\/cookies\/<\/a><\/p><p>Google, Youtube: <a href=\"https:\/\/www.google.com\/intl\/it_it\/policies\/technologies\/cookies\/\" target=\"_blank\" rel=\"noopener\">https:\/\/www.google.com\/intl\/it_it\/policies\/technologies\/cookies\/<\/a><\/p>\t\t\t\t\t\t\t\t<\/div>\n\t\t\t\t<\/div>\n\t\t\t\t\t<\/div>\n\t\t\t\t<\/div>\n\t\t\t\t<\/div>\n\t\t","protected":false},"excerpt":{"rendered":"<p>PRIVACY POLICY DEL SITO WWW.OBERHOLZ.COM Obereggen Latemar SpA\/AG illustra, nella presente pagina, come tratta i dati degli utenti che visitano il suo sito e come agiscono i cookie che vengono installati dal sito stesso. La presente Privacy Policy \u00e8 resa nel rispetto dell\u2019articolo 13 del GDPR 2016\/679 (General Data Protection Regulation, Regolamento europeo in materia [&hellip;]<\/p>\n","protected":false},"author":1,"featured_media":1852,"parent":0,"menu_order":0,"comment_status":"closed","ping_status":"closed","template":"","meta":{"footnotes":""},"class_list":["post-2942","page","type-page","status-publish","has-post-thumbnail","hentry"],"yoast_head":"<!-- This site is optimized with the Yoast SEO plugin v26.5 - https:\/\/yoast.com\/wordpress\/plugins\/seo\/ -->\n<title>Privacy policy - Rifugio Oberholz<\/title>\n<meta name=\"robots\" content=\"index, follow, max-snippet:-1, max-image-preview:large, max-video-preview:-1\" \/>\n<link rel=\"canonical\" href=\"https:\/\/oberholz.com\/it\/privacy-policy\/\" \/>\n<meta property=\"og:locale\" content=\"it_IT\" \/>\n<meta property=\"og:type\" content=\"article\" \/>\n<meta property=\"og:title\" content=\"Privacy policy - Rifugio Oberholz\" \/>\n<meta property=\"og:description\" content=\"PRIVACY POLICY DEL SITO WWW.OBERHOLZ.COM Obereggen Latemar SpA\/AG illustra, nella presente pagina, come tratta i dati degli utenti che visitano il suo sito e come agiscono i cookie che vengono installati dal sito stesso. La presente Privacy Policy \u00e8 resa nel rispetto dell\u2019articolo 13 del GDPR 2016\/679 (General Data Protection Regulation, Regolamento europeo in materia [&hellip;]\" \/>\n<meta property=\"og:url\" content=\"https:\/\/oberholz.com\/it\/privacy-policy\/\" \/>\n<meta property=\"og:site_name\" content=\"Rifugio Oberholz\" \/>\n<meta property=\"article:publisher\" content=\"https:\/\/www.facebook.com\/OberholzDolomites\/\" \/>\n<meta property=\"article:modified_time\" content=\"2025-05-22T15:36:19+00:00\" \/>\n<meta property=\"og:image\" content=\"https:\/\/oberholz.com\/wp-content\/uploads\/2025\/03\/10_Peter_Pichler_Architecture_Oberholz_Mountain_Hut_medium_1-1.jpg\" \/>\n\t<meta property=\"og:image:width\" content=\"1600\" \/>\n\t<meta property=\"og:image:height\" content=\"900\" \/>\n\t<meta property=\"og:image:type\" content=\"image\/jpeg\" \/>\n<meta name=\"twitter:card\" content=\"summary_large_image\" \/>\n<meta name=\"twitter:label1\" content=\"Tempo di lettura stimato\" \/>\n\t<meta name=\"twitter:data1\" content=\"8 minuti\" \/>\n<script type=\"application\/ld+json\" class=\"yoast-schema-graph\">{\"@context\":\"https:\/\/schema.org\",\"@graph\":[{\"@type\":\"WebPage\",\"@id\":\"https:\/\/oberholz.com\/it\/privacy-policy\/\",\"url\":\"https:\/\/oberholz.com\/it\/privacy-policy\/\",\"name\":\"Privacy policy - Rifugio Oberholz\",\"isPartOf\":{\"@id\":\"https:\/\/oberholz.com\/it\/#website\"},\"primaryImageOfPage\":{\"@id\":\"https:\/\/oberholz.com\/it\/privacy-policy\/#primaryimage\"},\"image\":{\"@id\":\"https:\/\/oberholz.com\/it\/privacy-policy\/#primaryimage\"},\"thumbnailUrl\":\"https:\/\/oberholz.com\/wp-content\/uploads\/2025\/03\/10_Peter_Pichler_Architecture_Oberholz_Mountain_Hut_medium_1-1.jpg\",\"datePublished\":\"2025-02-21T16:08:20+00:00\",\"dateModified\":\"2025-05-22T15:36:19+00:00\",\"breadcrumb\":{\"@id\":\"https:\/\/oberholz.com\/it\/privacy-policy\/#breadcrumb\"},\"inLanguage\":\"it-IT\",\"potentialAction\":[{\"@type\":\"ReadAction\",\"target\":[\"https:\/\/oberholz.com\/it\/privacy-policy\/\"]}]},{\"@type\":\"ImageObject\",\"inLanguage\":\"it-IT\",\"@id\":\"https:\/\/oberholz.com\/it\/privacy-policy\/#primaryimage\",\"url\":\"https:\/\/oberholz.com\/wp-content\/uploads\/2025\/03\/10_Peter_Pichler_Architecture_Oberholz_Mountain_Hut_medium_1-1.jpg\",\"contentUrl\":\"https:\/\/oberholz.com\/wp-content\/uploads\/2025\/03\/10_Peter_Pichler_Architecture_Oberholz_Mountain_Hut_medium_1-1.jpg\",\"width\":1600,\"height\":900},{\"@type\":\"BreadcrumbList\",\"@id\":\"https:\/\/oberholz.com\/it\/privacy-policy\/#breadcrumb\",\"itemListElement\":[{\"@type\":\"ListItem\",\"position\":1,\"name\":\"Home\",\"item\":\"https:\/\/oberholz.com\/de\/\"},{\"@type\":\"ListItem\",\"position\":2,\"name\":\"Privacy policy\"}]},{\"@type\":\"WebSite\",\"@id\":\"https:\/\/oberholz.com\/it\/#website\",\"url\":\"https:\/\/oberholz.com\/it\/\",\"name\":\"Rifugio Oberholz\",\"description\":\"Ristorante &amp; Bar a 2.096 m\",\"publisher\":{\"@id\":\"https:\/\/oberholz.com\/it\/#organization\"},\"potentialAction\":[{\"@type\":\"SearchAction\",\"target\":{\"@type\":\"EntryPoint\",\"urlTemplate\":\"https:\/\/oberholz.com\/it\/?s={search_term_string}\"},\"query-input\":{\"@type\":\"PropertyValueSpecification\",\"valueRequired\":true,\"valueName\":\"search_term_string\"}}],\"inLanguage\":\"it-IT\"},{\"@type\":\"Organization\",\"@id\":\"https:\/\/oberholz.com\/it\/#organization\",\"name\":\"Rifugio Oberholz\",\"url\":\"https:\/\/oberholz.com\/it\/\",\"logo\":{\"@type\":\"ImageObject\",\"inLanguage\":\"it-IT\",\"@id\":\"https:\/\/oberholz.com\/it\/#\/schema\/logo\/image\/\",\"url\":\"https:\/\/oberholz.com\/wp-content\/uploads\/2025\/02\/logo-oberholz-color-variant-no-stamp.svg\",\"contentUrl\":\"https:\/\/oberholz.com\/wp-content\/uploads\/2025\/02\/logo-oberholz-color-variant-no-stamp.svg\",\"width\":174,\"height\":175,\"caption\":\"Rifugio Oberholz\"},\"image\":{\"@id\":\"https:\/\/oberholz.com\/it\/#\/schema\/logo\/image\/\"},\"sameAs\":[\"https:\/\/www.facebook.com\/OberholzDolomites\/\",\"https:\/\/www.instagram.com\/oberholz_dolomites\/\"]}]}<\/script>\n<!-- \/ Yoast SEO plugin. -->","yoast_head_json":{"title":"Privacy policy - Rifugio Oberholz","robots":{"index":"index","follow":"follow","max-snippet":"max-snippet:-1","max-image-preview":"max-image-preview:large","max-video-preview":"max-video-preview:-1"},"canonical":"https:\/\/oberholz.com\/it\/privacy-policy\/","og_locale":"it_IT","og_type":"article","og_title":"Privacy policy - Rifugio Oberholz","og_description":"PRIVACY POLICY DEL SITO WWW.OBERHOLZ.COM Obereggen Latemar SpA\/AG illustra, nella presente pagina, come tratta i dati degli utenti che visitano il suo sito e come agiscono i cookie che vengono installati dal sito stesso. La presente Privacy Policy \u00e8 resa nel rispetto dell\u2019articolo 13 del GDPR 2016\/679 (General Data Protection Regulation, Regolamento europeo in materia [&hellip;]","og_url":"https:\/\/oberholz.com\/it\/privacy-policy\/","og_site_name":"Rifugio Oberholz","article_publisher":"https:\/\/www.facebook.com\/OberholzDolomites\/","article_modified_time":"2025-05-22T15:36:19+00:00","og_image":[{"width":1600,"height":900,"url":"https:\/\/oberholz.com\/wp-content\/uploads\/2025\/03\/10_Peter_Pichler_Architecture_Oberholz_Mountain_Hut_medium_1-1.jpg","type":"image\/jpeg"}],"twitter_card":"summary_large_image","twitter_misc":{"Tempo di lettura stimato":"8 minuti"},"schema":{"@context":"https:\/\/schema.org","@graph":[{"@type":"WebPage","@id":"https:\/\/oberholz.com\/it\/privacy-policy\/","url":"https:\/\/oberholz.com\/it\/privacy-policy\/","name":"Privacy policy - Rifugio Oberholz","isPartOf":{"@id":"https:\/\/oberholz.com\/it\/#website"},"primaryImageOfPage":{"@id":"https:\/\/oberholz.com\/it\/privacy-policy\/#primaryimage"},"image":{"@id":"https:\/\/oberholz.com\/it\/privacy-policy\/#primaryimage"},"thumbnailUrl":"https:\/\/oberholz.com\/wp-content\/uploads\/2025\/03\/10_Peter_Pichler_Architecture_Oberholz_Mountain_Hut_medium_1-1.jpg","datePublished":"2025-02-21T16:08:20+00:00","dateModified":"2025-05-22T15:36:19+00:00","breadcrumb":{"@id":"https:\/\/oberholz.com\/it\/privacy-policy\/#breadcrumb"},"inLanguage":"it-IT","potentialAction":[{"@type":"ReadAction","target":["https:\/\/oberholz.com\/it\/privacy-policy\/"]}]},{"@type":"ImageObject","inLanguage":"it-IT","@id":"https:\/\/oberholz.com\/it\/privacy-policy\/#primaryimage","url":"https:\/\/oberholz.com\/wp-content\/uploads\/2025\/03\/10_Peter_Pichler_Architecture_Oberholz_Mountain_Hut_medium_1-1.jpg","contentUrl":"https:\/\/oberholz.com\/wp-content\/uploads\/2025\/03\/10_Peter_Pichler_Architecture_Oberholz_Mountain_Hut_medium_1-1.jpg","width":1600,"height":900},{"@type":"BreadcrumbList","@id":"https:\/\/oberholz.com\/it\/privacy-policy\/#breadcrumb","itemListElement":[{"@type":"ListItem","position":1,"name":"Home","item":"https:\/\/oberholz.com\/de\/"},{"@type":"ListItem","position":2,"name":"Privacy policy"}]},{"@type":"WebSite","@id":"https:\/\/oberholz.com\/it\/#website","url":"https:\/\/oberholz.com\/it\/","name":"Rifugio Oberholz","description":"Ristorante &amp; Bar a 2.096 m","publisher":{"@id":"https:\/\/oberholz.com\/it\/#organization"},"potentialAction":[{"@type":"SearchAction","target":{"@type":"EntryPoint","urlTemplate":"https:\/\/oberholz.com\/it\/?s={search_term_string}"},"query-input":{"@type":"PropertyValueSpecification","valueRequired":true,"valueName":"search_term_string"}}],"inLanguage":"it-IT"},{"@type":"Organization","@id":"https:\/\/oberholz.com\/it\/#organization","name":"Rifugio Oberholz","url":"https:\/\/oberholz.com\/it\/","logo":{"@type":"ImageObject","inLanguage":"it-IT","@id":"https:\/\/oberholz.com\/it\/#\/schema\/logo\/image\/","url":"https:\/\/oberholz.com\/wp-content\/uploads\/2025\/02\/logo-oberholz-color-variant-no-stamp.svg","contentUrl":"https:\/\/oberholz.com\/wp-content\/uploads\/2025\/02\/logo-oberholz-color-variant-no-stamp.svg","width":174,"height":175,"caption":"Rifugio Oberholz"},"image":{"@id":"https:\/\/oberholz.com\/it\/#\/schema\/logo\/image\/"},"sameAs":["https:\/\/www.facebook.com\/OberholzDolomites\/","https:\/\/www.instagram.com\/oberholz_dolomites\/"]}]}},"meta_box":[],"_links":{"self":[{"href":"https:\/\/oberholz.com\/it\/wp-json\/wp\/v2\/pages\/2942","targetHints":{"allow":["GET"]}}],"collection":[{"href":"https:\/\/oberholz.com\/it\/wp-json\/wp\/v2\/pages"}],"about":[{"href":"https:\/\/oberholz.com\/it\/wp-json\/wp\/v2\/types\/page"}],"author":[{"embeddable":true,"href":"https:\/\/oberholz.com\/it\/wp-json\/wp\/v2\/users\/1"}],"replies":[{"embeddable":true,"href":"https:\/\/oberholz.com\/it\/wp-json\/wp\/v2\/comments?post=2942"}],"version-history":[{"count":7,"href":"https:\/\/oberholz.com\/it\/wp-json\/wp\/v2\/pages\/2942\/revisions"}],"predecessor-version":[{"id":3800,"href":"https:\/\/oberholz.com\/it\/wp-json\/wp\/v2\/pages\/2942\/revisions\/3800"}],"wp:featuredmedia":[{"embeddable":true,"href":"https:\/\/oberholz.com\/it\/wp-json\/wp\/v2\/media\/1852"}],"wp:attachment":[{"href":"https:\/\/oberholz.com\/it\/wp-json\/wp\/v2\/media?parent=2942"}],"curies":[{"name":"wp","href":"https:\/\/api.w.org\/{rel}","templated":true}]}}