{"id":460,"date":"2025-02-21T16:08:20","date_gmt":"2025-02-21T16:08:20","guid":{"rendered":"https:\/\/oberholz.com\/?page_id=460"},"modified":"2025-05-22T15:36:11","modified_gmt":"2025-05-22T15:36:11","slug":"privacy-policy","status":"publish","type":"page","link":"https:\/\/oberholz.com\/de\/privacy-policy\/","title":{"rendered":"Privacy policy"},"content":{"rendered":"\t\t<div data-elementor-type=\"wp-page\" data-elementor-id=\"460\" class=\"elementor elementor-460\" data-elementor-post-type=\"page\">\n\t\t\t\t<div class=\"elementor-element elementor-element-9d480dd e-con-full e-flex e-con e-parent\" data-id=\"9d480dd\" data-element_type=\"container\" data-settings=\"{&quot;background_background&quot;:&quot;classic&quot;}\">\n\t\t<div class=\"elementor-element elementor-element-2b5da35 e-con-full mask e-flex e-con e-child\" data-id=\"2b5da35\" data-element_type=\"container\">\n\t\t\t\t<\/div>\n\t\t\t\t<\/div>\n\t\t<div class=\"elementor-element elementor-element-cd3b4c7 e-flex e-con-boxed e-con e-parent\" data-id=\"cd3b4c7\" data-element_type=\"container\" data-settings=\"{&quot;background_background&quot;:&quot;classic&quot;}\">\n\t\t\t\t\t<div class=\"e-con-inner\">\n\t\t\t\t<div class=\"elementor-element elementor-element-d4bece4 elementor-widget elementor-widget-text-editor\" data-id=\"d4bece4\" data-element_type=\"widget\" data-widget_type=\"text-editor.default\">\n\t\t\t\t<div class=\"elementor-widget-container\">\n\t\t\t\t\t\t\t\t\t<h4>DATENSCHUTZBESTIMMUNGEN DER WEBSITE WWW.OBERHOLZ.COM<\/h4><p>Obereggen Latemar SpA\/AG erl\u00e4utert auf dieser Seite, wie sie die Daten der Benutzer, die ihre Website besuchen, verarbeitet und wie die Cookies funktionieren, die auf dieser Website installiert werden.<\/p><p>Diese Datenschutzbestimmungen werden gem\u00e4\u00df Art. 13 DSGVO 2016\/679 (EU-Datenschutz-Grundverordnung, Verordnung der Europ\u00e4ischen Union, mit der die Regeln f\u00fcr die Verarbeitung von personenbezogenen Daten vereinheitlicht werden), der Empfehlung Nr. 2\/2001 der Arbeitsgruppe gem\u00e4\u00df Art. 29 und der allgemeinen Verf\u00fcgung der Datenschutzbeh\u00f6rde \u00fcber Cookies Nr. 229 vom 8. Mai 2014 erteilt.<\/p><p>Die folgenden Angaben gelten ausschlie\u00dflich f\u00fcr die Website <a href=\"http:\/\/www.oberholz.com\">www.oberholz.com<\/a>. Der Verantwortliche f\u00fcr die Datenverarbeitung haftet nicht f\u00fcr die Daten und Cookies, die von Websites von Drittanbietern, die eventuell \u00fcber Links konsultiert werden, eingef\u00fcgt bzw. installiert werden.<\/p><h3>Angaben zum Verantwortlichen.<\/h3><p>Verantwortlich f\u00fcr die Verarbeitung ist Obereggen Latemar SpA\/AG mit Rechtssitz in Obereggen 16, 39050 Deutschnofen (BZ). Um die gem\u00e4\u00df den Rechtsvorschriften vorgesehenen und oben aufgef\u00fchrten Rechte in Anspruch zu nehmen, besteht die M\u00f6glichkeit, sich an den Verantwortlichen an dessen Sitz oder telefonisch unter der Nummer 0471 618 200 oder schriftlich unter der Adresse obereggen@latemar.it zu wenden.<\/p><p><b>Zweck und Rechtsgrundlage der Datenverarbeitung<\/b>.<\/p><p>Obereggen Latemar SpA\/AG verarbeitet die Daten, die der Benutzer f\u00fcr nachstehende Zwecke eingibt:<\/p><ol><li><b>Erf\u00fcllung von Pflichten, die sich aus einem Gesetz, einer Verordnung oder einer unionsrechtlichen Bestimmung ergeben<\/b><\/li><\/ol><p>Die Mitteilung der Daten zu diesem Zweck ist obligatorisch und die Rechtsgrundlage ist die Erf\u00fcllung einer gesetzlichen Pflicht, der der Verantwortliche unterliegt, wie in Art. 6 Abs. 1 lit c) DS-GVO vorgesehen. F\u00fcr die Verarbeitung zu diesem Zweck ist die Einwilligung des Benutzers nicht notwendig.<\/p><p>Die verarbeiteten Daten werden f\u00fcr den von der einschl\u00e4gigen Norm vorgesehenen Zeitraum aufbewahrt.<\/p><ol><li><b>Statistische Analysen \u00fcber aggregierte oder anonymisierte Daten\u00a0<\/b><\/li><\/ol><p>Diese Art der Verarbeitung erlaubt keine Identifizierung des Benutzers und dient ausschlie\u00dflich der \u00dcberpr\u00fcfung der Effektivit\u00e4t von Webmarketing-Kampagnen oder der \u00dcberpr\u00fcfung der korrekten Funktionsweise der Seite durch die \u00dcberwachung der Zugriffsh\u00e4ufigkeit. Die Verarbeitung von aggregierten oder anonymen Daten, die keine Identifizierung der Benutzer erm\u00f6glichen, ist vom Anwendungsbereich des Datenschutzrechts nicht erfasst und ist f\u00fcr ihre Verarbeitung daher keine Einwilligung n\u00f6tig.<\/p><ol><li><b>Newsletter<\/b><\/li><\/ol><p>Die Eingabe der geforderten Daten f\u00fcr die Einschreibung in unseren Newsletter-Dienst oder f\u00fcr die Zusendung von Werbemitteilungen oder Werbematerial ist freiwillig und die Rechtsgrundlage f\u00fcr die damit zusammenh\u00e4ngende Datenverarbeitung ist die Einwilligung der betroffenen Person.<\/p><p>Die zu Werbe- und Marketingzwecken verarbeiteten Daten werden von uns bis zum Zeitpunkt des Widerrufs der Einwilligung aufbewahrt, sofern die Einwilligung nicht erneuert wird.\u00a0<\/p><p><b> d. Profilierung (Erstellung von Profilen, die auf den Vorlieben, Gewohnheiten und Konsumentscheidungen des Nutzers basieren)<\/b><\/p><p>Die Profilierung kann durch das Ausf\u00fcllen von Frageb\u00f6gen, durch den Einsatz von Techniken zur Online-Profilierung (Trackers) oder durch den Einsatz von Cookies durchgef\u00fchrt werden. Die Eingabe\/Mitteilung von Daten zu Profilierungszwecken ist freiwillig und die Rechtsgrundlage f\u00fcr die damit zusammenh\u00e4ngende Datenverarbeitung ist die Einwilligung der betroffenen Person.<\/p><h3>Verarbeitungsmodalit\u00e4ten, automatische Entscheidungsprozesse und Aufbewahrungsfristen der Daten<\/h3><p>Ihre Daten werden elektronisch verarbeitet, auch wenn potenzielle Verarbeitungen in Papierform nicht ausgeschlossen sind. Automatische Entscheidungsprozesse werden zur Verarbeitung Ihrer personenbezogenen Daten nicht herangezogen.<\/p><p>Die mittels Cookies erhobenen Daten werden f\u00fcr den von den einzelnen Cookies festgelegten Zeitr\u00e4umen gespeichert.\u00a0<\/p><p><b>Weitergabe von Daten (Empf\u00e4nger).\u00a0<\/b><\/p><p>Zur Sicherstellung der Funktionsf\u00e4higkeit unserer Seite sowie f\u00fcr die einwandfreie Bereitstellung der Inhalte k\u00f6nnen wir uns der Leistungen Dritter bedienen. Dazu geh\u00f6ren beispielsweise IT-Dienstleister, Anbieter von Hostingdiensten, Telekommunikationsunternehmen. Um dar\u00fcber hinaus die Erbringung der von Ihnen gew\u00fcnschten Leistung sicherzustellen, beispielsweise den Erwerb von Waren, k\u00f6nnen wir uns der Leistungen weiterer Anbieter bedienen (Zustelldienste usw.). Die Rechtsgrundlage f\u00fcr die Weitergabe ist die Erf\u00fcllung eines Vertrages, dessen Vertragspartei die betroffene Person ist, oder die Durchf\u00fchrung vorvertraglicher Ma\u00dfnahmen auf Anfrage der betroffenen Person. In jedem Fall werden nur diejenigen Daten weitergegeben, die f\u00fcr die Erf\u00fcllung der jeweiligen Leistung unabdingbar sind. Erweist sich die \u00dcbermittlung von anonymisierten Daten als ausreichend, werden nur diese \u00fcbermittelt. Eine Verbreitung Ihrer personenbezogenen Daten erfolgt ausschlie\u00dflich mit Ihrer ausdr\u00fccklichen Einwilligung.<\/p><p>Hinsichtlich der Verwendung von Cookies von Drittanbieter verweisen wir auf den am Ende dieses Dokuments eingef\u00fcgten und einschl\u00e4gigen Abschnitt.<\/p><p><b>\u00dcbermittlung der Daten in Drittstaaten und an internationale Organisationen<\/b>.\u00a0<\/p><p>Die von Ihnen \u00fcbermittelten Daten werden nicht in Drittstaaten oder an internationale Organisationen au\u00dferhalb der Europ\u00e4ischen Union \u00fcbermittelt. Die Homepage wird innerhalb der Europ\u00e4ischen Union gehostet.<\/p><p><b>Rechte der betroffenen Person und Beschwerde bei der Datenschutzbeh\u00f6rde<\/b>\u00a0<\/p><p>Sie haben das Recht, von uns jederzeit den Zugang zu den Daten, die Sie betreffen, deren \u00c4nderung, Erg\u00e4nzung oder L\u00f6schung zu verlangen sowie bei berechtigten Gr\u00fcnden sich deren Verarbeitung zu widersetzen oder zu fordern, dass diese eingeschr\u00e4nkt wird. Zudem sind Sie berechtigt, die \u00dcbertragung der betreffenden Daten auf einen anderen Verantwortlichen zu verlangen. Wir beantworten Ihre Anfrage schriftlich innerhalb von 30 Tagen. Sie k\u00f6nnen die Einwilligungen, die Sie auf dieser Website gegeben haben, jederzeit widerrufen. Hierzu stehen Ihnen die in dieser Privacy Policy enthaltenen Kotaktadressen zur Verf\u00fcgung. Sie haben zudem die M\u00f6glichkeit, eine Beschwerde bei der staatlichen Aufsichtsbeh\u00f6rde einzureichen, wenn Sie der Meinung sind, dass Ihre Daten widerrechtlich verarbeitet wurden.\u00a0<\/p><h3>COOKIES UNSERER WEBSITE<\/h3><p><b>Navigationsdaten<\/b><\/p><p>Diese Website erhebt implizit durch die Nutzung von Internetkommunikationsprotokollen f\u00fcr ihren und w\u00e4hrend des Normalbetriebs einige personenbezogene Daten der Benutzer, welche die Website aufrufen, wie IP-Adresse, Dom\u00e4nennamen der von den Benutzern zum Aufrufen der Website genutzten Rechner, MAC-Adressen, die vom Hersteller der Netzwerkkarten zugeordnet werden, WLAN usw.<\/p><p>Diese Informationen werden nicht erhoben, um die Benutzer zu identifizieren, was jedoch durch Verkn\u00fcpfungen und auch durch mit Daten Dritter \u00fcberkreuzte Verarbeitungen der Fall sein k\u00f6nnte. Aus diesen Daten werden statistische Informationen \u00fcber die Nutzung der Website und deren Funktionsweise sowie weitere Informationen bei der Feststellung von Haftungen bei Computerkriminalit\u00e4t gewonnen.<\/p><p><b>Was sind Cookies?<\/b><\/p><p>Cookies sind kleine Textdateien, welche die vom Benutzer besuchten Websites auf dessen Endger\u00e4t ablegen. Diese Datens\u00e4tze werden bei einem erneuten Besuch seitens des Benutzers wieder an die Website \u00fcbermittelt, die sie abgelegt hat. Erh\u00e4lt der Benutzer bei der Navigation auf der Website auch Cookies, die andere Websites oder Webserver \u00fcbermitteln, spricht man von Third-Party-Cookies.<\/p><p>Cookies werden aus unterschiedlichen Gr\u00fcnden abgelegt. Dazu geh\u00f6rt auch die M\u00f6glichkeit, EDV-Authentifizierungen durchzuf\u00fchren, die Navigationssitzungen zu \u00fcberwachen, die Sprache auszuw\u00e4hlen.<\/p><p><b>First- und Third-Party-Cookies<\/b><\/p><p>Die Cookies, die direkt von Obereggen Latemar SpA\/AG abgelegt werden, sind \u201eFirst-Party-Cookies\u201c oder Cookies von Erstanbietern. Die Cookies dagegen, die von einer Website abgelegt und erhoben werden, die nicht die Website ist, auf welcher der Benutzer navigiert, werden als \u201eThird-Party-Cookies\u201c oder Cookies von Drittanbietern bezeichnet.<\/p><p>Zu den Third-Party-Cookies geh\u00f6ren die Social Buttons (oder Social Plug-ins), die der Website erm\u00f6glichen, mit den bekanntesten sozialen Medien wie Facebook, Instagram, LinkedIn, Twitter usw. zu interagieren, oder die Google-Analytics-Cookies und diejenigen, die notwendig sind, um Youtube-Frames usw. zu implementieren. Was die Third-Party-Cookies betrifft, haften die Drittanbieter, auf die sich diese Cookies beziehen, daf\u00fcr, den Datenschutzhinweis und die Informationen \u00fcber die Verwaltung der erhobenen Daten zu liefern.<\/p><p><b>Arten von Cookies<\/b><\/p><p><i>Technische Cookies<\/i><\/p><p>Technische Cookies werden normalerweise direkt vom Betreiber der Website installiert und erm\u00f6glichen die Kommunikation zwischen Website und Benutzer. Dabei kann es sich um Navigations- oder Sitzungscookies handeln, die f\u00fcr die normale Navigation und Nutzung der Website sorgen. Diese werden in der Regel f\u00fcr die Dauer der Navigation auf der Website entsprechend gespeichert. Dar\u00fcber hinaus gibt es Funktionscookies, welche die bessere Nutzung der Website erm\u00f6glichen, wie beispielsweise diejenigen f\u00fcr die Auswahl der Sprache der Website, f\u00fcr das Hinzuf\u00fcgen von ausgew\u00e4hlten Artikeln zum Warenkorb usw.<\/p><p>Da diese Cookies f\u00fcr das Funktionieren der Website unerl\u00e4sslich sind, ist f\u00fcr deren Ablage auf dem Endger\u00e4t des Benutzers keine vorherige Einwilligung erforderlich.<\/p><p><i>Analysecookies<\/i><\/p><p>Dabei handelt es sich um Cookies, anhand derer Informationen \u00fcber die Benutzer in mehr oder minder aggregierter Form erhoben werden k\u00f6nnen, wie beispielsweise zur Zahl der Benutzer, welche die Website besuchen, oder zu den Besuchsmodalit\u00e4ten der Website. Eins der bekanntesten Instrumente zur Erstellung dieser statistischen Berichte ist Google Analytics, ein Service der Google Inc.<\/p><p>Analysecookies k\u00f6nnen mit technischen Cookies gleichgestellt werden, wenn die Informationen in aggregierter Form erhoben werden und keine M\u00f6glichkeit besteht, die Gewohnheiten einzelner Benutzer zu identifizieren. Was insbesondere die Google-Analytics-Cookies betrifft, ist es zumindest teilweise notwendig, die IP-Adresse des Nutzers, der die Website besucht, in eine anonyme Form umzuwandeln und die Weitergabe der Daten per Google zu eliminieren. Wenn eine solche Umwandlung in anonyme Form und die Unterbindung der Weitergabe nicht m\u00f6glich sind, fallen diese Cookies unter die Profiling-Cookies.<\/p><p><i>Profiling-Cookies<\/i><\/p><p>Diese Cookies werden genutzt, um Vorlieben eines Benutzers aufzuzeichnen und diesem Werbebotschaften auf der Grundlage der gewonnenen Erkenntnisse zu unterbreiten. Diese Cookies sind besonders invasiv, und vor deren Ablage auf dem Endger\u00e4t des Benutzers muss dessen Einwilligung eingeholt werden.\u00a0<\/p><p><b>Banner beim ersten Zugriff<\/b><\/p><p>Gem\u00e4\u00df der Verf\u00fcgung der Datenschutzbeh\u00f6rde vom 8. Mai 2014 und der \u201eRichtlinien zur Verwendung von Cookies und anderen Tracking-Tools\u201c muss bei der Verwendung von Cookies, die keine technischen Cookies sind, beim ersten Zugriff des Benutzers auf die Website ein Banner (sog. Kurzhinweis) eingerichtet werden, in dem kurz zusammengefasst angegeben ist, wie die Website mit Cookies umgeht. Das Banner muss auf die ausf\u00fchrliche Datenschutzerkl\u00e4rung verweisen und die M\u00f6glichkeit beinhalten, in die Ablage der Cookies auch mittels deren punktueller Auswahl einzuwilligen.<\/p><p>Obereggen Latemar SpA\/AG hat das oben genannte Banner eingerichtet. Zudem wurde ein spezielles Cookie vorgesehen, der die Wahl des Benutzers, was die Installation von Cookies betrifft, f\u00fcr einen Zeitraum von 365 Tagen speichert: Das bedeutet, dass der Benutzer, nachdem er seine Zustimmung gegeben hat, das Banner nur einmal angezeigt bekommt. Wenn er seine Wahl zu einem sp\u00e4teren Zeitpunkt \u00e4ndern m\u00f6chte, muss er \u00fcber den Link &#8222;Meine Cookies verwalten&#8220; tun.<\/p><p><b>Von unserer Homepage angefragte Zugriffe auf Facebook und der Gebrauch von Facebook Pixel<\/b><\/p><p>Unsere Homepage kann die Herstellung einer Verbindung mit dem Facebook-Account des Nutzers beantragen, um einige Aktionen auszuf\u00fchren und bestimmte Daten direkt bei Facebook zu erheben.<\/p><p>F\u00fcr weitere Informationen \u00fcber die Funktionsweise dieser Dienste verweisen wir auf: <a href=\"https:\/\/developers.facebook.com\/docs\/facebook-login\/permissions\" target=\"_blank\" rel=\"noopener\">https:\/\/developers.facebook.com\/docs\/facebook-login\/permissions<\/a> und <a href=\"https:\/\/www.facebook.com\/about\/privacy\/\" target=\"_blank\" rel=\"noopener\">https:\/\/www.facebook.com\/about\/privacy\/<\/a><\/p><p><b>Anweisungen zum Deaktivieren von Cookies<\/b><\/p><p>Google Chrome: <a href=\"https:\/\/support.google.com\/chrome\/answer\/95647?hl=it\" target=\"_blank\" rel=\"noopener\">https:\/\/support.google.com\/chrome\/answer\/95647?hl=it<\/a><\/p><p>Internet Explorer: <a href=\"https:\/\/support.microsoft.com\/it-it\/help\/17442\/windows-internet-explorer-delete-manage-cookies\" target=\"_blank\" rel=\"noopener\">https:\/\/support.microsoft.com\/it-it\/help\/17442\/windows-internet-explorer-delete-manage-cookies<\/a><\/p><p>Mozilla Firefox: <a href=\"https:\/\/support.mozilla.org\/it\/kb\/Attivare%2520e%2520disattivare%2520i%2520cookie\" target=\"_blank\" rel=\"noopener\">https:\/\/support.mozilla.org\/it\/kb\/Attivare%20e%20disattivare%20i%20cookie<\/a><\/p><p>Safari: <a href=\"https:\/\/support.apple.com\/it-it\/HT201265\" target=\"_blank\" rel=\"noopener\">https:\/\/support.apple.com\/it-it\/HT201265<\/a><\/p><p><b>Link zu den Datenschutzbestimmungen der Drittanbieter, die Cookies ablegen<\/b><\/p><p>Facebook: <a href=\"https:\/\/www.facebook.com\/policies\/cookies\/\" target=\"_blank\" rel=\"noopener\">https:\/\/www.facebook.com\/policies\/cookies\/<\/a><\/p><p>Google, Youtube: <a href=\"https:\/\/www.google.com\/intl\/it_it\/policies\/technologies\/cookies\/\" target=\"_blank\" rel=\"noopener\">https:\/\/www.google.com\/intl\/it_it\/policies\/technologies\/cookies\/<\/a><\/p>\t\t\t\t\t\t\t\t<\/div>\n\t\t\t\t<\/div>\n\t\t\t\t\t<\/div>\n\t\t\t\t<\/div>\n\t\t\t\t<\/div>\n\t\t","protected":false},"excerpt":{"rendered":"<p>DATENSCHUTZBESTIMMUNGEN DER WEBSITE WWW.OBERHOLZ.COM Obereggen Latemar SpA\/AG erl\u00e4utert auf dieser Seite, wie sie die Daten der Benutzer, die ihre Website besuchen, verarbeitet und wie die Cookies funktionieren, die auf dieser Website installiert werden. Diese Datenschutzbestimmungen werden gem\u00e4\u00df Art. 13 DSGVO 2016\/679 (EU-Datenschutz-Grundverordnung, Verordnung der Europ\u00e4ischen Union, mit der die Regeln f\u00fcr die Verarbeitung von personenbezogenen [&hellip;]<\/p>\n","protected":false},"author":1,"featured_media":1850,"parent":0,"menu_order":0,"comment_status":"closed","ping_status":"closed","template":"","meta":{"footnotes":""},"class_list":["post-460","page","type-page","status-publish","has-post-thumbnail","hentry"],"yoast_head":"<!-- This site is optimized with the Yoast SEO plugin v26.5 - https:\/\/yoast.com\/wordpress\/plugins\/seo\/ -->\n<title>Privacy policy - Oberholz H\u00fctte<\/title>\n<meta name=\"robots\" content=\"index, follow, max-snippet:-1, max-image-preview:large, max-video-preview:-1\" \/>\n<link rel=\"canonical\" href=\"https:\/\/oberholz.com\/it\/privacy-policy\/\" \/>\n<meta property=\"og:locale\" content=\"de_DE\" \/>\n<meta property=\"og:type\" content=\"article\" \/>\n<meta property=\"og:title\" content=\"Privacy policy - Oberholz H\u00fctte\" \/>\n<meta property=\"og:description\" content=\"DATENSCHUTZBESTIMMUNGEN DER WEBSITE WWW.OBERHOLZ.COM Obereggen Latemar SpA\/AG erl\u00e4utert auf dieser Seite, wie sie die Daten der Benutzer, die ihre Website besuchen, verarbeitet und wie die Cookies funktionieren, die auf dieser Website installiert werden. Diese Datenschutzbestimmungen werden gem\u00e4\u00df Art. 13 DSGVO 2016\/679 (EU-Datenschutz-Grundverordnung, Verordnung der Europ\u00e4ischen Union, mit der die Regeln f\u00fcr die Verarbeitung von personenbezogenen [&hellip;]\" \/>\n<meta property=\"og:url\" content=\"https:\/\/oberholz.com\/it\/privacy-policy\/\" \/>\n<meta property=\"og:site_name\" content=\"Oberholz H\u00fctte\" \/>\n<meta property=\"article:publisher\" content=\"https:\/\/www.facebook.com\/OberholzDolomites\/\" \/>\n<meta property=\"article:modified_time\" content=\"2025-05-22T15:36:11+00:00\" \/>\n<meta property=\"og:image\" content=\"https:\/\/oberholz.com\/wp-content\/uploads\/2025\/03\/10_Peter_Pichler_Architecture_Oberholz_Mountain_Hut_medium_1-1.jpg\" \/>\n\t<meta property=\"og:image:width\" content=\"1600\" \/>\n\t<meta property=\"og:image:height\" content=\"900\" \/>\n\t<meta property=\"og:image:type\" content=\"image\/jpeg\" \/>\n<meta name=\"twitter:card\" content=\"summary_large_image\" \/>\n<meta name=\"twitter:label1\" content=\"Gesch\u00e4tzte Lesezeit\" \/>\n\t<meta name=\"twitter:data1\" content=\"9\u00a0Minuten\" \/>\n<script type=\"application\/ld+json\" class=\"yoast-schema-graph\">{\"@context\":\"https:\/\/schema.org\",\"@graph\":[{\"@type\":\"WebPage\",\"@id\":\"https:\/\/oberholz.com\/it\/privacy-policy\/\",\"url\":\"https:\/\/oberholz.com\/it\/privacy-policy\/\",\"name\":\"Privacy policy - Oberholz H\u00fctte\",\"isPartOf\":{\"@id\":\"https:\/\/oberholz.com\/it\/#website\"},\"primaryImageOfPage\":{\"@id\":\"https:\/\/oberholz.com\/it\/privacy-policy\/#primaryimage\"},\"image\":{\"@id\":\"https:\/\/oberholz.com\/it\/privacy-policy\/#primaryimage\"},\"thumbnailUrl\":\"https:\/\/oberholz.com\/wp-content\/uploads\/2025\/03\/10_Peter_Pichler_Architecture_Oberholz_Mountain_Hut_medium_1-1.jpg\",\"datePublished\":\"2025-02-21T16:08:20+00:00\",\"dateModified\":\"2025-05-22T15:36:11+00:00\",\"breadcrumb\":{\"@id\":\"https:\/\/oberholz.com\/it\/privacy-policy\/#breadcrumb\"},\"inLanguage\":\"de\",\"potentialAction\":[{\"@type\":\"ReadAction\",\"target\":[\"https:\/\/oberholz.com\/it\/privacy-policy\/\"]}]},{\"@type\":\"ImageObject\",\"inLanguage\":\"de\",\"@id\":\"https:\/\/oberholz.com\/it\/privacy-policy\/#primaryimage\",\"url\":\"https:\/\/oberholz.com\/wp-content\/uploads\/2025\/03\/10_Peter_Pichler_Architecture_Oberholz_Mountain_Hut_medium_1-1.jpg\",\"contentUrl\":\"https:\/\/oberholz.com\/wp-content\/uploads\/2025\/03\/10_Peter_Pichler_Architecture_Oberholz_Mountain_Hut_medium_1-1.jpg\",\"width\":1600,\"height\":900},{\"@type\":\"BreadcrumbList\",\"@id\":\"https:\/\/oberholz.com\/it\/privacy-policy\/#breadcrumb\",\"itemListElement\":[{\"@type\":\"ListItem\",\"position\":1,\"name\":\"Home\",\"item\":\"https:\/\/oberholz.com\/de\/\"},{\"@type\":\"ListItem\",\"position\":2,\"name\":\"Privacy policy\"}]},{\"@type\":\"WebSite\",\"@id\":\"https:\/\/oberholz.com\/it\/#website\",\"url\":\"https:\/\/oberholz.com\/it\/\",\"name\":\"Rifugio Oberholz\",\"description\":\"Genuss auf 2.096 m\",\"publisher\":{\"@id\":\"https:\/\/oberholz.com\/it\/#organization\"},\"potentialAction\":[{\"@type\":\"SearchAction\",\"target\":{\"@type\":\"EntryPoint\",\"urlTemplate\":\"https:\/\/oberholz.com\/it\/?s={search_term_string}\"},\"query-input\":{\"@type\":\"PropertyValueSpecification\",\"valueRequired\":true,\"valueName\":\"search_term_string\"}}],\"inLanguage\":\"de\"},{\"@type\":\"Organization\",\"@id\":\"https:\/\/oberholz.com\/it\/#organization\",\"name\":\"Rifugio Oberholz\",\"url\":\"https:\/\/oberholz.com\/it\/\",\"logo\":{\"@type\":\"ImageObject\",\"inLanguage\":\"de\",\"@id\":\"https:\/\/oberholz.com\/it\/#\/schema\/logo\/image\/\",\"url\":\"https:\/\/oberholz.com\/wp-content\/uploads\/2025\/02\/logo-oberholz-color-variant-no-stamp.svg\",\"contentUrl\":\"https:\/\/oberholz.com\/wp-content\/uploads\/2025\/02\/logo-oberholz-color-variant-no-stamp.svg\",\"width\":174,\"height\":175,\"caption\":\"Rifugio Oberholz\"},\"image\":{\"@id\":\"https:\/\/oberholz.com\/it\/#\/schema\/logo\/image\/\"},\"sameAs\":[\"https:\/\/www.facebook.com\/OberholzDolomites\/\",\"https:\/\/www.instagram.com\/oberholz_dolomites\/\"]}]}<\/script>\n<!-- \/ Yoast SEO plugin. -->","yoast_head_json":{"title":"Privacy policy - Oberholz H\u00fctte","robots":{"index":"index","follow":"follow","max-snippet":"max-snippet:-1","max-image-preview":"max-image-preview:large","max-video-preview":"max-video-preview:-1"},"canonical":"https:\/\/oberholz.com\/it\/privacy-policy\/","og_locale":"de_DE","og_type":"article","og_title":"Privacy policy - Oberholz H\u00fctte","og_description":"DATENSCHUTZBESTIMMUNGEN DER WEBSITE WWW.OBERHOLZ.COM Obereggen Latemar SpA\/AG erl\u00e4utert auf dieser Seite, wie sie die Daten der Benutzer, die ihre Website besuchen, verarbeitet und wie die Cookies funktionieren, die auf dieser Website installiert werden. Diese Datenschutzbestimmungen werden gem\u00e4\u00df Art. 13 DSGVO 2016\/679 (EU-Datenschutz-Grundverordnung, Verordnung der Europ\u00e4ischen Union, mit der die Regeln f\u00fcr die Verarbeitung von personenbezogenen [&hellip;]","og_url":"https:\/\/oberholz.com\/it\/privacy-policy\/","og_site_name":"Oberholz H\u00fctte","article_publisher":"https:\/\/www.facebook.com\/OberholzDolomites\/","article_modified_time":"2025-05-22T15:36:11+00:00","og_image":[{"width":1600,"height":900,"url":"https:\/\/oberholz.com\/wp-content\/uploads\/2025\/03\/10_Peter_Pichler_Architecture_Oberholz_Mountain_Hut_medium_1-1.jpg","type":"image\/jpeg"}],"twitter_card":"summary_large_image","twitter_misc":{"Gesch\u00e4tzte Lesezeit":"9\u00a0Minuten"},"schema":{"@context":"https:\/\/schema.org","@graph":[{"@type":"WebPage","@id":"https:\/\/oberholz.com\/it\/privacy-policy\/","url":"https:\/\/oberholz.com\/it\/privacy-policy\/","name":"Privacy policy - Oberholz H\u00fctte","isPartOf":{"@id":"https:\/\/oberholz.com\/it\/#website"},"primaryImageOfPage":{"@id":"https:\/\/oberholz.com\/it\/privacy-policy\/#primaryimage"},"image":{"@id":"https:\/\/oberholz.com\/it\/privacy-policy\/#primaryimage"},"thumbnailUrl":"https:\/\/oberholz.com\/wp-content\/uploads\/2025\/03\/10_Peter_Pichler_Architecture_Oberholz_Mountain_Hut_medium_1-1.jpg","datePublished":"2025-02-21T16:08:20+00:00","dateModified":"2025-05-22T15:36:11+00:00","breadcrumb":{"@id":"https:\/\/oberholz.com\/it\/privacy-policy\/#breadcrumb"},"inLanguage":"de","potentialAction":[{"@type":"ReadAction","target":["https:\/\/oberholz.com\/it\/privacy-policy\/"]}]},{"@type":"ImageObject","inLanguage":"de","@id":"https:\/\/oberholz.com\/it\/privacy-policy\/#primaryimage","url":"https:\/\/oberholz.com\/wp-content\/uploads\/2025\/03\/10_Peter_Pichler_Architecture_Oberholz_Mountain_Hut_medium_1-1.jpg","contentUrl":"https:\/\/oberholz.com\/wp-content\/uploads\/2025\/03\/10_Peter_Pichler_Architecture_Oberholz_Mountain_Hut_medium_1-1.jpg","width":1600,"height":900},{"@type":"BreadcrumbList","@id":"https:\/\/oberholz.com\/it\/privacy-policy\/#breadcrumb","itemListElement":[{"@type":"ListItem","position":1,"name":"Home","item":"https:\/\/oberholz.com\/de\/"},{"@type":"ListItem","position":2,"name":"Privacy policy"}]},{"@type":"WebSite","@id":"https:\/\/oberholz.com\/it\/#website","url":"https:\/\/oberholz.com\/it\/","name":"Rifugio Oberholz","description":"Genuss auf 2.096 m","publisher":{"@id":"https:\/\/oberholz.com\/it\/#organization"},"potentialAction":[{"@type":"SearchAction","target":{"@type":"EntryPoint","urlTemplate":"https:\/\/oberholz.com\/it\/?s={search_term_string}"},"query-input":{"@type":"PropertyValueSpecification","valueRequired":true,"valueName":"search_term_string"}}],"inLanguage":"de"},{"@type":"Organization","@id":"https:\/\/oberholz.com\/it\/#organization","name":"Rifugio Oberholz","url":"https:\/\/oberholz.com\/it\/","logo":{"@type":"ImageObject","inLanguage":"de","@id":"https:\/\/oberholz.com\/it\/#\/schema\/logo\/image\/","url":"https:\/\/oberholz.com\/wp-content\/uploads\/2025\/02\/logo-oberholz-color-variant-no-stamp.svg","contentUrl":"https:\/\/oberholz.com\/wp-content\/uploads\/2025\/02\/logo-oberholz-color-variant-no-stamp.svg","width":174,"height":175,"caption":"Rifugio Oberholz"},"image":{"@id":"https:\/\/oberholz.com\/it\/#\/schema\/logo\/image\/"},"sameAs":["https:\/\/www.facebook.com\/OberholzDolomites\/","https:\/\/www.instagram.com\/oberholz_dolomites\/"]}]}},"meta_box":[],"_links":{"self":[{"href":"https:\/\/oberholz.com\/de\/wp-json\/wp\/v2\/pages\/460","targetHints":{"allow":["GET"]}}],"collection":[{"href":"https:\/\/oberholz.com\/de\/wp-json\/wp\/v2\/pages"}],"about":[{"href":"https:\/\/oberholz.com\/de\/wp-json\/wp\/v2\/types\/page"}],"author":[{"embeddable":true,"href":"https:\/\/oberholz.com\/de\/wp-json\/wp\/v2\/users\/1"}],"replies":[{"embeddable":true,"href":"https:\/\/oberholz.com\/de\/wp-json\/wp\/v2\/comments?post=460"}],"version-history":[{"count":13,"href":"https:\/\/oberholz.com\/de\/wp-json\/wp\/v2\/pages\/460\/revisions"}],"predecessor-version":[{"id":3797,"href":"https:\/\/oberholz.com\/de\/wp-json\/wp\/v2\/pages\/460\/revisions\/3797"}],"wp:featuredmedia":[{"embeddable":true,"href":"https:\/\/oberholz.com\/de\/wp-json\/wp\/v2\/media\/1850"}],"wp:attachment":[{"href":"https:\/\/oberholz.com\/de\/wp-json\/wp\/v2\/media?parent=460"}],"curies":[{"name":"wp","href":"https:\/\/api.w.org\/{rel}","templated":true}]}}